{"id":103,"date":"2025-11-19T14:37:24","date_gmt":"2025-11-19T14:37:24","guid":{"rendered":"https:\/\/fraters.nu\/?page_id=103"},"modified":"2026-02-10T14:34:26","modified_gmt":"2026-02-10T14:34:26","slug":"nyheter","status":"publish","type":"page","link":"http:\/\/fraters.nu\/?page_id=103","title":{"rendered":"Nyheter"},"content":{"rendered":"\t\t<div data-elementor-type=\"wp-page\" data-elementor-id=\"103\" class=\"elementor elementor-103\">\n\t\t\t\t<div class=\"elementor-element elementor-element-6ae4f10 e-flex e-con-boxed e-con e-parent\" data-id=\"6ae4f10\" data-element_type=\"container\" data-settings=\"{&quot;background_background&quot;:&quot;classic&quot;}\">\n\t\t\t\t\t<div class=\"e-con-inner\">\n\t\t<div class=\"elementor-element elementor-element-10685b7 e-con-full e-flex e-con e-child\" data-id=\"10685b7\" data-element_type=\"container\">\n\t\t\t\t<div class=\"elementor-element elementor-element-7ce8a04 elementor-widget elementor-widget-heading\" data-id=\"7ce8a04\" data-element_type=\"widget\" data-widget_type=\"heading.default\">\n\t\t\t\t\t<h1 class=\"elementor-heading-title elementor-size-default\">Nyheter<\/h1>\t\t\t\t<\/div>\n\t\t\t\t<\/div>\n\t\t\t\t\t<\/div>\n\t\t\t\t<\/div>\n\t\t<div class=\"elementor-element elementor-element-dcd45a9 e-flex e-con-boxed e-con e-parent\" data-id=\"dcd45a9\" data-element_type=\"container\">\n\t\t\t\t\t<div class=\"e-con-inner\">\n\t\t\t\t<div class=\"elementor-element elementor-element-439457c elementor-grid-eael-col-3 elementor-grid-tablet-eael-col-2 elementor-grid-mobile-eael-col-1 elementor-widget elementor-widget-eael-post-grid\" data-id=\"439457c\" data-element_type=\"widget\" data-settings=\"{&quot;eael_post_grid_columns&quot;:&quot;eael-col-3&quot;,&quot;eael_post_grid_columns_tablet&quot;:&quot;eael-col-2&quot;,&quot;eael_post_grid_columns_mobile&quot;:&quot;eael-col-1&quot;}\" data-widget_type=\"eael-post-grid.default\">\n\t\t\t\t\t<div id=\"eael-post-grid-439457c\" class=\"eael-post-grid-container\">\n            <div class=\"eael-post-grid eael-post-appender eael-post-appender-439457c eael-post-grid-style-one\" data-layout-mode=\"grid\"><article class=\"eael-grid-post eael-post-grid-column\" data-id=\"151\">\n        <div class=\"eael-grid-post-holder\">\n            <div class=\"eael-grid-post-holder-inner\"><div class=\"eael-entry-media\"><div class=\"eael-entry-overlay fade-in\"><i class=\"fas fa-long-arrow-alt-right\" aria-hidden=\"true\"><\/i><a href=\"http:\/\/fraters.nu\/?p=151\"><\/a><\/div><div class=\"eael-entry-thumbnail eael-image-ratio\">\n                <img fetchpriority=\"high\" decoding=\"async\" width=\"640\" height=\"427\" src=\"http:\/\/fraters.nu\/wp-content\/uploads\/2026\/02\/amonwat-dumkrut-ay_HV7Q0LpE-unsplash.jpg\" class=\"attachment-full size-full wp-image-253\" alt=\"\" srcset=\"http:\/\/fraters.nu\/wp-content\/uploads\/2026\/02\/amonwat-dumkrut-ay_HV7Q0LpE-unsplash.jpg 640w, http:\/\/fraters.nu\/wp-content\/uploads\/2026\/02\/amonwat-dumkrut-ay_HV7Q0LpE-unsplash-300x200.jpg 300w\" sizes=\"(max-width: 640px) 100vw, 640px\" \/>\n            <\/div>\n        <\/div><div class=\"eael-entry-wrapper\"><header class=\"eael-entry-header\"><h2 class=\"eael-entry-title\"><a class=\"eael-grid-post-link\" href=\"http:\/\/fraters.nu\/?p=151\" title=\"N\u00e4r r\u00f6sten f\u00e5r ta plats\">N\u00e4r r\u00f6sten f\u00e5r ta plats<\/a><\/h2><\/header><div class=\"eael-entry-content\">\n                        <div class=\"eael-grid-post-excerpt\"><p>Att sjunga i mansk\u00f6r handlar om mer \u00e4n musik. Det...<\/p><a href=\"http:\/\/fraters.nu\/?p=151\" class=\"eael-post-elements-readmore-btn\">L\u00c4S MER<\/a><\/div>\n                    <\/div><\/div><\/div>\n        <\/div>\n    <\/article><article class=\"eael-grid-post eael-post-grid-column\" data-id=\"149\">\n        <div class=\"eael-grid-post-holder\">\n            <div class=\"eael-grid-post-holder-inner\"><div class=\"eael-entry-media\"><div class=\"eael-entry-overlay fade-in\"><i class=\"fas fa-long-arrow-alt-right\" aria-hidden=\"true\"><\/i><a href=\"http:\/\/fraters.nu\/?p=149\"><\/a><\/div><div class=\"eael-entry-thumbnail eael-image-ratio\">\n                <img decoding=\"async\" width=\"1920\" height=\"1080\" src=\"http:\/\/fraters.nu\/wp-content\/uploads\/2026\/02\/vitaly-gariev-lWYWhtAf-z4-unsplash.jpg\" class=\"attachment-full size-full wp-image-255\" alt=\"\" srcset=\"http:\/\/fraters.nu\/wp-content\/uploads\/2026\/02\/vitaly-gariev-lWYWhtAf-z4-unsplash.jpg 1920w, http:\/\/fraters.nu\/wp-content\/uploads\/2026\/02\/vitaly-gariev-lWYWhtAf-z4-unsplash-300x169.jpg 300w, http:\/\/fraters.nu\/wp-content\/uploads\/2026\/02\/vitaly-gariev-lWYWhtAf-z4-unsplash-1024x576.jpg 1024w, http:\/\/fraters.nu\/wp-content\/uploads\/2026\/02\/vitaly-gariev-lWYWhtAf-z4-unsplash-768x432.jpg 768w, http:\/\/fraters.nu\/wp-content\/uploads\/2026\/02\/vitaly-gariev-lWYWhtAf-z4-unsplash-1536x864.jpg 1536w\" sizes=\"(max-width: 1920px) 100vw, 1920px\" \/>\n            <\/div>\n        <\/div><div class=\"eael-entry-wrapper\"><header class=\"eael-entry-header\"><h2 class=\"eael-entry-title\"><a class=\"eael-grid-post-link\" href=\"http:\/\/fraters.nu\/?p=149\" title=\"Meditation utan kr\u00e5ngel\">Meditation utan kr\u00e5ngel<\/a><\/h2><\/header><div class=\"eael-entry-content\">\n                        <div class=\"eael-grid-post-excerpt\"><p>Meditation beh\u00f6ver inte vara komplicerat eller andligt p\u00e5 ett s\u00e4tt...<\/p><a href=\"http:\/\/fraters.nu\/?p=149\" class=\"eael-post-elements-readmore-btn\">L\u00c4S MER<\/a><\/div>\n                    <\/div><\/div><\/div>\n        <\/div>\n    <\/article><article class=\"eael-grid-post eael-post-grid-column\" data-id=\"147\">\n        <div class=\"eael-grid-post-holder\">\n            <div class=\"eael-grid-post-holder-inner\"><div class=\"eael-entry-media\"><div class=\"eael-entry-overlay fade-in\"><i class=\"fas fa-long-arrow-alt-right\" aria-hidden=\"true\"><\/i><a href=\"http:\/\/fraters.nu\/?p=147\"><\/a><\/div><div class=\"eael-entry-thumbnail eael-image-ratio\">\n                <img decoding=\"async\" width=\"640\" height=\"425\" src=\"http:\/\/fraters.nu\/wp-content\/uploads\/2026\/02\/konstantin-evdokimov-PrFKoHISoVA-unsplash.jpg\" class=\"attachment-full size-full wp-image-259\" alt=\"\" srcset=\"http:\/\/fraters.nu\/wp-content\/uploads\/2026\/02\/konstantin-evdokimov-PrFKoHISoVA-unsplash.jpg 640w, http:\/\/fraters.nu\/wp-content\/uploads\/2026\/02\/konstantin-evdokimov-PrFKoHISoVA-unsplash-300x199.jpg 300w\" sizes=\"(max-width: 640px) 100vw, 640px\" \/>\n            <\/div>\n        <\/div><div class=\"eael-entry-wrapper\"><header class=\"eael-entry-header\"><h2 class=\"eael-entry-title\"><a class=\"eael-grid-post-link\" href=\"http:\/\/fraters.nu\/?p=147\" title=\"Att vandra i skogen som \u00e5terh\u00e4mtning\">Att vandra i skogen som \u00e5terh\u00e4mtning<\/a><\/h2><\/header><div class=\"eael-entry-content\">\n                        <div class=\"eael-grid-post-excerpt\"><p>Skogen erbjuder n\u00e5got vi ofta saknar, l\u00e5ngsamhet, tystnad och utrymme...<\/p><a href=\"http:\/\/fraters.nu\/?p=147\" class=\"eael-post-elements-readmore-btn\">L\u00c4S MER<\/a><\/div>\n                    <\/div><\/div><\/div>\n        <\/div>\n    <\/article><\/div>\n            <div class=\"clearfix\"><\/div>\n        <\/div>\t\t\t\t<\/div>\n\t\t\t\t<div class=\"elementor-element elementor-element-1b3beb2 elementor-widget-divider--view-line elementor-widget elementor-widget-divider\" data-id=\"1b3beb2\" data-element_type=\"widget\" data-widget_type=\"divider.default\">\n\t\t\t\t\t\t\t<div class=\"elementor-divider\">\n\t\t\t<span class=\"elementor-divider-separator\">\n\t\t\t\t\t\t<\/span>\n\t\t<\/div>\n\t\t\t\t\t\t<\/div>\n\t\t\t\t<div class=\"elementor-element elementor-element-0dc7b8a elementor-widget elementor-widget-heading\" data-id=\"0dc7b8a\" data-element_type=\"widget\" data-widget_type=\"heading.default\">\n\t\t\t\t\t<h2 class=\"elementor-heading-title elementor-size-default\">Kontakt och samverkan<\/h2>\t\t\t\t<\/div>\n\t\t\t\t<div class=\"elementor-element elementor-element-7f43116 elementor-widget elementor-widget-text-editor\" data-id=\"7f43116\" data-element_type=\"widget\" data-widget_type=\"text-editor.default\">\n\t\t\t\t\t\t\t\t\t<p data-start=\"710\" data-end=\"820\">Vi v\u00e4lkomnar kontakt fr\u00e5n b\u00e5de privatpersoner och samarbetspartners. Oavsett om du \u00e4r intresserad av coaching, vill samarbeta kring inneh\u00e5ll eller har fr\u00e5gor om Fraters.nu \u00e4r du varmt v\u00e4lkommen att h\u00f6ra av dig. Tillsammans kan vi skapa utrymme f\u00f6r utveckling, klarhet och nya perspektiv.<\/p>\t\t\t\t\t\t\t\t<\/div>\n\t\t\t\t<div class=\"elementor-element elementor-element-8c24a53 elementor-widget elementor-widget-button\" data-id=\"8c24a53\" data-element_type=\"widget\" data-widget_type=\"button.default\">\n\t\t\t\t\t\t\t\t\t\t<a class=\"elementor-button elementor-button-link elementor-size-sm\" href=\"\/?page_id=92\">\n\t\t\t\t\t\t<span class=\"elementor-button-content-wrapper\">\n\t\t\t\t\t\t\t\t\t<span class=\"elementor-button-text\">Kontakta oss<\/span>\n\t\t\t\t\t<\/span>\n\t\t\t\t\t<\/a>\n\t\t\t\t\t\t\t\t<\/div>\n\t\t\t\t\t<\/div>\n\t\t\t\t<\/div>\n\t\t\t\t<\/div>\n\t\t","protected":false},"excerpt":{"rendered":"<p>Nyheter Nya volont\u00e4rer g\u00f6r att fler hundar f\u00e5r en tryggare omplacering Under h\u00f6sten har vi f\u00e5tt flera nya volont\u00e4rer som [&hellip;]<\/p>\n","protected":false},"author":1,"featured_media":0,"parent":0,"menu_order":0,"comment_status":"closed","ping_status":"closed","template":"elementor_header_footer","meta":{"site-sidebar-layout":"no-sidebar","site-content-layout":"","ast-site-content-layout":"full-width-container","site-content-style":"unboxed","site-sidebar-style":"unboxed","ast-global-header-display":"","ast-banner-title-visibility":"","ast-main-header-display":"","ast-hfb-above-header-display":"","ast-hfb-below-header-display":"","ast-hfb-mobile-header-display":"","site-post-title":"disabled","ast-breadcrumbs-content":"","ast-featured-img":"disabled","footer-sml-layout":"","theme-transparent-header-meta":"default","adv-header-id-meta":"","stick-header-meta":"","header-above-stick-meta":"","header-main-stick-meta":"","header-below-stick-meta":"","astra-migrate-meta-layouts":"default","ast-page-background-enabled":"default","ast-page-background-meta":{"desktop":{"background-color":"var(--ast-global-color-5)","background-image":"","background-repeat":"repeat","background-position":"center center","background-size":"auto","background-attachment":"scroll","background-type":"","background-media":"","overlay-type":"","overlay-color":"","overlay-opacity":"","overlay-gradient":""},"tablet":{"background-color":"","background-image":"","background-repeat":"repeat","background-position":"center center","background-size":"auto","background-attachment":"scroll","background-type":"","background-media":"","overlay-type":"","overlay-color":"","overlay-opacity":"","overlay-gradient":""},"mobile":{"background-color":"","background-image":"","background-repeat":"repeat","background-position":"center center","background-size":"auto","background-attachment":"scroll","background-type":"","background-media":"","overlay-type":"","overlay-color":"","overlay-opacity":"","overlay-gradient":""}},"ast-content-background-meta":{"desktop":{"background-color":"var(--ast-global-color-4)","background-image":"","background-repeat":"repeat","background-position":"center center","background-size":"auto","background-attachment":"scroll","background-type":"","background-media":"","overlay-type":"","overlay-color":"","overlay-opacity":"","overlay-gradient":""},"tablet":{"background-color":"var(--ast-global-color-4)","background-image":"","background-repeat":"repeat","background-position":"center center","background-size":"auto","background-attachment":"scroll","background-type":"","background-media":"","overlay-type":"","overlay-color":"","overlay-opacity":"","overlay-gradient":""},"mobile":{"background-color":"var(--ast-global-color-4)","background-image":"","background-repeat":"repeat","background-position":"center center","background-size":"auto","background-attachment":"scroll","background-type":"","background-media":"","overlay-type":"","overlay-color":"","overlay-opacity":"","overlay-gradient":""}},"footnotes":""},"class_list":["post-103","page","type-page","status-publish","hentry"],"_links":{"self":[{"href":"http:\/\/fraters.nu\/index.php?rest_route=\/wp\/v2\/pages\/103","targetHints":{"allow":["GET"]}}],"collection":[{"href":"http:\/\/fraters.nu\/index.php?rest_route=\/wp\/v2\/pages"}],"about":[{"href":"http:\/\/fraters.nu\/index.php?rest_route=\/wp\/v2\/types\/page"}],"author":[{"embeddable":true,"href":"http:\/\/fraters.nu\/index.php?rest_route=\/wp\/v2\/users\/1"}],"replies":[{"embeddable":true,"href":"http:\/\/fraters.nu\/index.php?rest_route=%2Fwp%2Fv2%2Fcomments&post=103"}],"version-history":[{"count":32,"href":"http:\/\/fraters.nu\/index.php?rest_route=\/wp\/v2\/pages\/103\/revisions"}],"predecessor-version":[{"id":299,"href":"http:\/\/fraters.nu\/index.php?rest_route=\/wp\/v2\/pages\/103\/revisions\/299"}],"wp:attachment":[{"href":"http:\/\/fraters.nu\/index.php?rest_route=%2Fwp%2Fv2%2Fmedia&parent=103"}],"curies":[{"name":"wp","href":"https:\/\/api.w.org\/{rel}","templated":true}]}}